{"id":59,"date":"2013-10-26T13:49:05","date_gmt":"2013-10-26T11:49:05","guid":{"rendered":"http:\/\/www.hartmut-grothaus.de\/?page_id=59"},"modified":"2023-03-06T19:54:28","modified_gmt":"2023-03-06T18:54:28","slug":"start","status":"publish","type":"page","link":"https:\/\/www.hartmut-grothaus.de\/","title":{"rendered":""},"content":{"rendered":"\n<p><em><strong>&#8230;huch, ein Besucher auf meiner Homepage???<\/strong><\/em><\/p>\n\n\n\n<p>hartmut-grothaus.de ist eine private, nicht \u00f6ffentliche Homepage. Viele Seiten sind nicht sichtbar und dar\u00fcberhinaus oftmals mit einem Password gesch\u00fctzt.<\/p>\n\n\n\n<p>Wer mich kennt und sich irgendetwas anschauen m\u00f6chte, kann nat\u00fcrlich bei mir das passende Passwort anfordern!<br \/>Alle heruntergeladenen Seiten oder Dateien dienen nur zur Anschauung und zum pers\u00f6nlichen Gebrauch. Urheberrechte bleiben vorbehalten!!!<br \/>Evtl. Anspr\u00fcche Dritter bleiben gewahrt.<\/p>\n\n\n\n<p>Kontakt: per <a href=\"mailto:post@hartmut-grothaus.de\">mail<\/a>, oder wenns sein muss, die ladungsf\u00e4hige Anschrift gibt es bei <a href=\"http:\/\/www.denic.de\">www.denic.de<\/a><\/p>\n","protected":false},"excerpt":{"rendered":"<p>&#8230;huch, ein Besucher auf meiner Homepage??? hartmut-grothaus.de ist eine private, nicht \u00f6ffentliche Homepage. Viele Seiten sind nicht sichtbar und dar\u00fcberhinaus oftmals mit einem Password gesch\u00fctzt. Wer mich kennt und sich irgendetwas anschauen m\u00f6chte, kann nat\u00fcrlich bei mir das passende Passwort &hellip; <a href=\"https:\/\/www.hartmut-grothaus.de\/\">Weiterlesen <span class=\"meta-nav\">&rarr;<\/span><\/a><\/p>\n","protected":false},"author":1,"featured_media":0,"parent":0,"menu_order":0,"comment_status":"closed","ping_status":"closed","template":"","meta":{"footnotes":""},"class_list":["post-59","page","type-page","status-publish","hentry"],"_links":{"self":[{"href":"https:\/\/www.hartmut-grothaus.de\/index.php?rest_route=\/wp\/v2\/pages\/59","targetHints":{"allow":["GET"]}}],"collection":[{"href":"https:\/\/www.hartmut-grothaus.de\/index.php?rest_route=\/wp\/v2\/pages"}],"about":[{"href":"https:\/\/www.hartmut-grothaus.de\/index.php?rest_route=\/wp\/v2\/types\/page"}],"author":[{"embeddable":true,"href":"https:\/\/www.hartmut-grothaus.de\/index.php?rest_route=\/wp\/v2\/users\/1"}],"replies":[{"embeddable":true,"href":"https:\/\/www.hartmut-grothaus.de\/index.php?rest_route=%2Fwp%2Fv2%2Fcomments&post=59"}],"version-history":[{"count":4,"href":"https:\/\/www.hartmut-grothaus.de\/index.php?rest_route=\/wp\/v2\/pages\/59\/revisions"}],"predecessor-version":[{"id":157,"href":"https:\/\/www.hartmut-grothaus.de\/index.php?rest_route=\/wp\/v2\/pages\/59\/revisions\/157"}],"wp:attachment":[{"href":"https:\/\/www.hartmut-grothaus.de\/index.php?rest_route=%2Fwp%2Fv2%2Fmedia&parent=59"}],"curies":[{"name":"wp","href":"https:\/\/api.w.org\/{rel}","templated":true}]}}